{"id":4771,"date":"2025-11-12T13:12:37","date_gmt":"2025-11-12T12:12:37","guid":{"rendered":"https:\/\/www.rolli.it\/contacts\/"},"modified":"2025-12-02T15:09:52","modified_gmt":"2025-12-02T14:09:52","slug":"contacts","status":"publish","type":"page","link":"https:\/\/www.rolli.it\/fr\/contacts\/","title":{"rendered":"Contacts"},"content":{"rendered":"<div class=\"wpb-content-wrapper\">[vc_row pix_particles_check=\u00a0\u00bb\u00a0\u00bb][vc_column width=\u00a0\u00bb1\/4&Prime;][\/vc_column][vc_column width=\u00a0\u00bb2\/4&Prime;][vc_column_text css=\u00a0\u00bb\u00a0\u00bb]\r\n<p style=\"text-align: left;\"><strong><span style=\"color: #e30613; font-size: 36px; line-height: 1.25;\">FORMULAIRE DE CONTACT<\/span><\/strong><\/p>\r\n<p style=\"text-align: left;\"><span style=\"color: #006f3b; font-size: 18px;\"> Les donn\u00e9es fournies lors du remplissage du formulaire seront utilis\u00e9es exclusivement pour le<br>traitement des demandes envoy\u00e9es \u00e0 la Soci\u00e9t\u00e9 et seront trait\u00e9es conform\u00e9ment au respect<br>de la l\u00e9gislation en vigueur et des principes \u00e9thiques, afin de garantir un niveau ad\u00e9quat de<br>s\u00e9curit\u00e9 et de confidentialit\u00e9. Pour plus d\u2019informations sur la protection des donn\u00e9es : <a style=\"color: #006f3b;\" href=\"..\/..\/Privacy_Policy_2022.pdf\" target=\"_blank\" rel=\"noopener\">Politique de confidentialit\u00e9<\/a> <\/span><\/p>\r\n<p style=\"text-align: left;\"><span style=\"color: #006f3b; font-size: 18px;\"><strong> Si\u00e8ge social : +39 0521 220611<\/strong><\/span><\/p>\r\n<p style=\"text-align: left;\"><span style=\"color: #006f3b; font-size: 18px;\">Pour recevoir une r\u00e9ponse, veuillez saisir toutes les informations de contact demand\u00e9es :<\/span><\/p>\r\n[\/vc_column_text][vc_column_text css=\u00a0\u00bb.vc_custom_1762959652815{margin-bottom: 0px !important;}\u00a0\u00bb]\n<div class=\"wpcf7 no-js\" id=\"wpcf7-f4948-o1\" lang=\"fr-FR\" dir=\"ltr\" data-wpcf7-id=\"4948\">\n<div class=\"screen-reader-response\"><p role=\"status\" aria-live=\"polite\" aria-atomic=\"true\"><\/p> <ul><\/ul><\/div>\n<form action=\"\/fr\/wp-json\/wp\/v2\/pages\/4771#wpcf7-f4948-o1\" method=\"post\" class=\"wpcf7-form init wpcf7-acceptance-as-validation\" aria-label=\"Formulaire de contact\" novalidate=\"novalidate\" data-status=\"init\">\n<fieldset class=\"hidden-fields-container\"><input type=\"hidden\" name=\"_wpcf7\" value=\"4948\" \/><input type=\"hidden\" name=\"_wpcf7_version\" value=\"6.1.5\" \/><input type=\"hidden\" name=\"_wpcf7_locale\" value=\"fr_FR\" \/><input type=\"hidden\" name=\"_wpcf7_unit_tag\" value=\"wpcf7-f4948-o1\" \/><input type=\"hidden\" name=\"_wpcf7_container_post\" value=\"0\" \/><input type=\"hidden\" name=\"_wpcf7_posted_data_hash\" value=\"\" \/><input type=\"hidden\" name=\"_wpcf7_recaptcha_response\" value=\"\" \/>\n<\/fieldset>\n<div class=\"pix-contact7-form\"><div>\n\t<p><label> Nom<br \/>\n<span class=\"wpcf7-form-control-wrap\" data-name=\"text-6\"><input size=\"100\" maxlength=\"400\" class=\"wpcf7-form-control wpcf7-text wpcf7-validates-as-required\" aria-required=\"true\" aria-invalid=\"false\" value=\"Entrez le nom\" type=\"text\" name=\"text-6\" \/><\/span> <\/label>\n\t<\/p>\n<\/div>\n<div>\n\t<p><label> E-mail<br \/>\n<span class=\"wpcf7-form-control-wrap\" data-name=\"email-122\"><input size=\"100\" maxlength=\"400\" class=\"wpcf7-form-control wpcf7-email wpcf7-validates-as-required wpcf7-text wpcf7-validates-as-email\" aria-required=\"true\" aria-invalid=\"false\" value=\"Entrez l&#039;adresse e-mail\" type=\"email\" name=\"email-122\" \/><\/span><\/label>\n\t<\/p>\n<\/div>\n<div>\n\t<p><label> Entreprise<br \/>\n<span class=\"wpcf7-form-control-wrap\" data-name=\"text-915\"><input size=\"100\" maxlength=\"400\" class=\"wpcf7-form-control wpcf7-text wpcf7-validates-as-required\" aria-required=\"true\" aria-invalid=\"false\" value=\"Entrez l&#039;entreprise\" type=\"text\" name=\"text-915\" \/><\/span><\/label>\n\t<\/p>\n<\/div>\n<div>\n\t<p><label> Adresse du travail<br \/>\n<span class=\"wpcf7-form-control-wrap\" data-name=\"text-540\"><input size=\"100\" maxlength=\"400\" class=\"wpcf7-form-control wpcf7-text wpcf7-validates-as-required\" aria-required=\"true\" aria-invalid=\"false\" value=\"Entrez l&#039;adresse du travail\" type=\"text\" name=\"text-540\" \/><\/span><\/label>\n\t<\/p>\n<\/div>\n<div>\n\t<p><label> Ville<br \/>\n<span class=\"wpcf7-form-control-wrap\" data-name=\"text-900\"><input size=\"100\" maxlength=\"400\" class=\"wpcf7-form-control wpcf7-text wpcf7-validates-as-required\" aria-required=\"true\" aria-invalid=\"false\" value=\"Entrez le ville\" type=\"text\" name=\"text-900\" \/><\/span><\/label>\n\t<\/p>\n<\/div>\n<div>\n\t<p><label> Province\/\u00c9tat<br \/>\n<span class=\"wpcf7-form-control-wrap\" data-name=\"text-389\"><input size=\"100\" maxlength=\"400\" class=\"wpcf7-form-control wpcf7-text wpcf7-validates-as-required\" aria-required=\"true\" aria-invalid=\"false\" value=\"Entrez le Province\/\u00c9tat\" type=\"text\" name=\"text-389\" \/><\/span><\/label>\n\t<\/p>\n<\/div>\n<div>\n\t<p><label> Code postal<br \/>\n<span class=\"wpcf7-form-control-wrap\" data-name=\"text-251\"><input size=\"100\" maxlength=\"400\" class=\"wpcf7-form-control wpcf7-text wpcf7-validates-as-required\" aria-required=\"true\" aria-invalid=\"false\" value=\"Entrez le code postal\" type=\"text\" name=\"text-251\" \/><\/span><\/label>\n\t<\/p>\n<\/div>\n<div>\n\t<p><label> Pays<br \/>\n<span class=\"wpcf7-form-control-wrap\" data-name=\"text-132\"><input size=\"100\" maxlength=\"400\" class=\"wpcf7-form-control wpcf7-text wpcf7-validates-as-required\" aria-required=\"true\" aria-invalid=\"false\" value=\"Entrez le pays\" type=\"text\" name=\"text-132\" \/><\/span><\/label>\n\t<\/p>\n<\/div>\n<div>\n\t<p><label> Message<br \/>\n<span class=\"wpcf7-form-control-wrap\" data-name=\"textarea-107\"><textarea cols=\"100\" rows=\"3\" maxlength=\"2000\" class=\"wpcf7-form-control wpcf7-textarea wpcf7-validates-as-required\" aria-required=\"true\" aria-invalid=\"false\" name=\"textarea-107\">Entrez le message<\/textarea><\/span><\/label>\n\t<\/p>\n<\/div>\n<div>\n\t<p><label><a href=\"..\/..\/Privacy_Policy_2022.pdf\" target=\"_blank\" rel=\"noopener\" style=\"color: #006f3b;\">Afficher la politique de confidentialit\u00e9 - art. 13-14 R\u00e8glement UE 2016\/679 - RGPD <\/a><\/label>\n\t<\/p>\n<\/div>\n<div class=\"consenso-privacy\">\n\t<p><span class=\"wpcf7-form-control-wrap\" data-name=\"acceptance-900\"><span class=\"wpcf7-form-control wpcf7-acceptance\"><span class=\"wpcf7-list-item\"><label><input type=\"checkbox\" name=\"acceptance-900\" value=\"1\" aria-invalid=\"false\" \/><span class=\"wpcf7-list-item-label\">Ayant pris connaissance de l'Information, je donne mon consentement au traitement des donn\u00e9es<\/span><\/label><\/span><\/span><\/span>\n\t<\/p>\n<\/div>\n<p><input class=\"wpcf7-form-control wpcf7-submit has-spinner\" type=\"submit\" value=\"Envoyer\" \/>\n<\/p><\/div><div class=\"wpcf7-response-output\" aria-hidden=\"true\"><\/div>\n<\/form>\n<\/div>\n[\/vc_column_text][\/vc_column][vc_column width=\u00a0\u00bb1\/4&Prime;][\/vc_column][\/vc_row][vc_row pix_particles_check=\u00a0\u00bb\u00a0\u00bb][vc_column][vc_empty_space][\/vc_column][\/vc_row]<\/div>","protected":false},"excerpt":{"rendered":"[vc_row pix_particles_check=\u00a0\u00bb\u00a0\u00bb][vc_column width=\u00a0\u00bb1\/4&Prime;][\/vc_column][vc_column width=\u00a0\u00bb2\/4&Prime;][vc_column_text css=\u00a0\u00bb\u00a0\u00bb] FORMULAIRE DE CONTACT Les donn\u00e9es fournies lors du remplissage du formulaire seront utilis\u00e9es exclusivement pour letraitement des demandes envoy\u00e9es \u00e0 la Soci\u00e9t\u00e9 et seront trait\u00e9es conform\u00e9ment au respectde la l\u00e9gislation en vigueur et des principes&#8230;","protected":false},"author":1,"featured_media":0,"parent":0,"menu_order":0,"comment_status":"closed","ping_status":"closed","template":"","meta":{"footnotes":""},"class_list":["post-4771","page","type-page","status-publish","hentry"],"_links":{"self":[{"href":"https:\/\/www.rolli.it\/fr\/wp-json\/wp\/v2\/pages\/4771","targetHints":{"allow":["GET"]}}],"collection":[{"href":"https:\/\/www.rolli.it\/fr\/wp-json\/wp\/v2\/pages"}],"about":[{"href":"https:\/\/www.rolli.it\/fr\/wp-json\/wp\/v2\/types\/page"}],"author":[{"embeddable":true,"href":"https:\/\/www.rolli.it\/fr\/wp-json\/wp\/v2\/users\/1"}],"replies":[{"embeddable":true,"href":"https:\/\/www.rolli.it\/fr\/wp-json\/wp\/v2\/comments?post=4771"}],"version-history":[{"count":0,"href":"https:\/\/www.rolli.it\/fr\/wp-json\/wp\/v2\/pages\/4771\/revisions"}],"wp:attachment":[{"href":"https:\/\/www.rolli.it\/fr\/wp-json\/wp\/v2\/media?parent=4771"}],"curies":[{"name":"wp","href":"https:\/\/api.w.org\/{rel}","templated":true}]}}