{"id":4783,"date":"2021-10-27T02:03:07","date_gmt":"2021-10-27T00:03:07","guid":{"rendered":"https:\/\/www.rolli.it\/accueil\/"},"modified":"2025-12-04T14:02:03","modified_gmt":"2025-12-04T13:02:03","slug":"accueil","status":"publish","type":"page","link":"https:\/\/www.rolli.it\/fr\/","title":{"rendered":"Accueil"},"content":{"rendered":"<div class=\"wpb-content-wrapper\">[vc_row equal_height=\u00a0\u00bbyes\u00a0\u00bb rtl_reverse=\u00a0\u00bbyes\u00a0\u00bb content_placement=\u00a0\u00bbmiddle\u00a0\u00bb pix_particles_check=\u00a0\u00bb\u00a0\u00bb][vc_column width=\u00a0\u00bb3\/5&Prime;]<div class=\"pixfort-swiper position-relative    vc_custom_1762520469039\"><div class=\"position-relative\"><div class=\"swiper  pix-style-standard pix-effect-standard \" data-swiper='{\"loop\":true,\"is_thumbnails\":false,\"has_thumbnails\":false,\"slidesPerView\":\"1\",\"slidesPerGroup\":1,\"autoHeight\":true,\"centeredSlides\":true,\"duplicatedItems\":true,\"itemsCount\":8,\"autoplay\":{\"delay\":\"2000\",\"disableOnInteraction\":false,\"pauseOnMouseEnter\":true,\"reverseDirection\":false},\"pagination\":{\"enabled\":false,\"clickable\":true,\"dynamicBullets\":false},\"navigation\":{\"enabled\":false},\"freeMode\":false,\"edgeTransitionParams\":{\"transitionZone\":1,\"slider_style\":\"pix-style-standard\",\"slider_effect\":\"pix-effect-standard\",\"slider_inactive_scale\":false,\"dragScale\":false},\"breakpoints\":{\"767\":{\"slidesPerView\":1},\"1024\":{\"slidesPerView\":1}}}'  data-slides-desktop=\"1\" data-slides-tablet=\"1\" data-slides-mobile=\"1\" ><div class=\"swiper-wrapper\"><div class=\"swiper-slide\" data-pixfort-slide-index=\"0\"><div class=\"pixfort-slide-inner pix-p-10 \"><div class=\" vc_custom_1762520469039  text-left w-100 d-inline-block rounded-0\"  ><img decoding=\"async\" class=\"card-img rounded-0 h-100 lazyload\" data-src=\"https:\/\/www.rolli.it\/wp-content\/uploads\/2025\/11\/tortiglioni-norma.webp\" alt=\"\" width=\"960\" height=\"699\" title=\"\" src=\"data:image\/svg+xml;base64,PHN2ZyB3aWR0aD0iMSIgaGVpZ2h0PSIxIiB4bWxucz0iaHR0cDovL3d3dy53My5vcmcvMjAwMC9zdmciPjwvc3ZnPg==\" style=\"--smush-placeholder-width: 960px; --smush-placeholder-aspect-ratio: 960\/699;\"><\/div><\/div><\/div><div class=\"swiper-slide\" data-pixfort-slide-index=\"1\"><div class=\"pixfort-slide-inner pix-p-10 \"><div class=\" vc_custom_1762520469039  text-left w-100 d-inline-block rounded-0\"  ><img decoding=\"async\" class=\"card-img rounded-0 h-100 lazyload\" data-src=\"https:\/\/www.rolli.it\/wp-content\/uploads\/2025\/11\/orecchiette-cime-rapa.webp\" alt=\"\" width=\"960\" height=\"699\" title=\"\" src=\"data:image\/svg+xml;base64,PHN2ZyB3aWR0aD0iMSIgaGVpZ2h0PSIxIiB4bWxucz0iaHR0cDovL3d3dy53My5vcmcvMjAwMC9zdmciPjwvc3ZnPg==\" style=\"--smush-placeholder-width: 960px; --smush-placeholder-aspect-ratio: 960\/699;\"><\/div><\/div><\/div><div class=\"swiper-slide\" data-pixfort-slide-index=\"2\"><div class=\"pixfort-slide-inner pix-p-10 \"><div class=\" vc_custom_1762520469039  text-left w-100 d-inline-block rounded-0\"  ><img decoding=\"async\" class=\"card-img rounded-0 h-100 lazyload\" data-src=\"https:\/\/www.rolli.it\/wp-content\/uploads\/2025\/11\/pizza.webp\" alt=\"\" width=\"960\" height=\"699\" title=\"\" src=\"data:image\/svg+xml;base64,PHN2ZyB3aWR0aD0iMSIgaGVpZ2h0PSIxIiB4bWxucz0iaHR0cDovL3d3dy53My5vcmcvMjAwMC9zdmciPjwvc3ZnPg==\" style=\"--smush-placeholder-width: 960px; --smush-placeholder-aspect-ratio: 960\/699;\"><\/div><\/div><\/div><div class=\"swiper-slide\" data-pixfort-slide-index=\"3\"><div class=\"pixfort-slide-inner pix-p-10 \"><div class=\" vc_custom_1762520469039  text-left w-100 d-inline-block rounded-0\"  ><img decoding=\"async\" class=\"card-img rounded-0 h-100 lazyload\" data-src=\"https:\/\/www.rolli.it\/wp-content\/uploads\/2025\/11\/verdure-grigliate.webp\" alt=\"\" width=\"960\" height=\"699\" title=\"\" src=\"data:image\/svg+xml;base64,PHN2ZyB3aWR0aD0iMSIgaGVpZ2h0PSIxIiB4bWxucz0iaHR0cDovL3d3dy53My5vcmcvMjAwMC9zdmciPjwvc3ZnPg==\" style=\"--smush-placeholder-width: 960px; --smush-placeholder-aspect-ratio: 960\/699;\"><\/div><\/div><\/div><div class=\"swiper-slide\" data-pixfort-slide-index=\"4\"><div class=\"pixfort-slide-inner pix-p-10 \"><div class=\" vc_custom_1762520469039  text-left w-100 d-inline-block rounded-0\"  ><img decoding=\"async\" class=\"card-img rounded-0 h-100 lazyload\" data-src=\"https:\/\/www.rolli.it\/wp-content\/uploads\/2025\/11\/tortiglioni-norma.webp\" alt=\"\" width=\"960\" height=\"699\" title=\"\" src=\"data:image\/svg+xml;base64,PHN2ZyB3aWR0aD0iMSIgaGVpZ2h0PSIxIiB4bWxucz0iaHR0cDovL3d3dy53My5vcmcvMjAwMC9zdmciPjwvc3ZnPg==\" style=\"--smush-placeholder-width: 960px; --smush-placeholder-aspect-ratio: 960\/699;\"><\/div><\/div><\/div><div class=\"swiper-slide\" data-pixfort-slide-index=\"5\"><div class=\"pixfort-slide-inner pix-p-10 \"><div class=\" vc_custom_1762520469039  text-left w-100 d-inline-block rounded-0\"  ><img decoding=\"async\" class=\"card-img rounded-0 h-100 lazyload\" data-src=\"https:\/\/www.rolli.it\/wp-content\/uploads\/2025\/11\/orecchiette-cime-rapa.webp\" alt=\"\" width=\"960\" height=\"699\" title=\"\" src=\"data:image\/svg+xml;base64,PHN2ZyB3aWR0aD0iMSIgaGVpZ2h0PSIxIiB4bWxucz0iaHR0cDovL3d3dy53My5vcmcvMjAwMC9zdmciPjwvc3ZnPg==\" style=\"--smush-placeholder-width: 960px; --smush-placeholder-aspect-ratio: 960\/699;\"><\/div><\/div><\/div><div class=\"swiper-slide\" data-pixfort-slide-index=\"6\"><div class=\"pixfort-slide-inner pix-p-10 \"><div class=\" vc_custom_1762520469039  text-left w-100 d-inline-block rounded-0\"  ><img decoding=\"async\" class=\"card-img rounded-0 h-100 lazyload\" data-src=\"https:\/\/www.rolli.it\/wp-content\/uploads\/2025\/11\/pizza.webp\" alt=\"\" width=\"960\" height=\"699\" title=\"\" src=\"data:image\/svg+xml;base64,PHN2ZyB3aWR0aD0iMSIgaGVpZ2h0PSIxIiB4bWxucz0iaHR0cDovL3d3dy53My5vcmcvMjAwMC9zdmciPjwvc3ZnPg==\" style=\"--smush-placeholder-width: 960px; --smush-placeholder-aspect-ratio: 960\/699;\"><\/div><\/div><\/div><div class=\"swiper-slide\" data-pixfort-slide-index=\"7\"><div class=\"pixfort-slide-inner pix-p-10 \"><div class=\" vc_custom_1762520469039  text-left w-100 d-inline-block rounded-0\"  ><img decoding=\"async\" class=\"card-img rounded-0 h-100 lazyload\" data-src=\"https:\/\/www.rolli.it\/wp-content\/uploads\/2025\/11\/verdure-grigliate.webp\" alt=\"\" width=\"960\" height=\"699\" title=\"\" src=\"data:image\/svg+xml;base64,PHN2ZyB3aWR0aD0iMSIgaGVpZ2h0PSIxIiB4bWxucz0iaHR0cDovL3d3dy53My5vcmcvMjAwMC9zdmciPjwvc3ZnPg==\" style=\"--smush-placeholder-width: 960px; --smush-placeholder-aspect-ratio: 960\/699;\"><\/div><\/div><\/div><\/div><\/div><\/div><\/div>[vc_empty_space height=\u00a0\u00bb36px\u00a0\u00bb][\/vc_column][vc_column width=\u00a0\u00bb2\/5&Prime;][vc_column_text css=\u00a0\u00bb.vc_custom_1763023437366{margin-top: 0px !important;margin-right: 0px !important;margin-bottom: 0px !important;margin-left: 0px !important;padding-top: 0px !important;padding-right: 0px !important;padding-bottom: 0px !important;padding-left: 0px !important;}\u00a0\u00bb]\n<p style=\"text-align: center;\"><strong><span style=\"color: #e30613; font-size: 28px; line-height: 1.25;\">L&rsquo;HISTOIRE DES SURGEL\u00c9S EN ITALIE DEPUIS 1958,<\/span>\n<span style=\"color: #e30613; font-size: 28px; line-height: 1.25;\">L\u00c9GUMES, PIZZAS ET PLATS CUISIN\u00c9S SURGEL\u00c9S<\/span><\/strong><\/p>\n<p style=\"text-align: center;\"><strong><span style=\"color: #009640; font-size: 22px; line-height: 1.25;\">Entreprise avec une vocation affirm\u00e9e pour la Marque De Distributeur et les projets personnalis\u00e9s pour tous les march\u00e9s : Grande Distribution, RHF (restauration hors foyer) et Industriels.<\/span><\/strong><\/p>\n[\/vc_column_text][\/vc_column][\/vc_row][vc_row equal_height=\u00a0\u00bbyes\u00a0\u00bb rtl_reverse=\u00a0\u00bbyes\u00a0\u00bb content_placement=\u00a0\u00bbmiddle\u00a0\u00bb pix_particles_check=\u00a0\u00bb\u00a0\u00bb][vc_column width=\u00a0\u00bb1\/3&Prime; content_align=\u00a0\u00bbtext-center\u00a0\u00bb][vc_column_text css=\u00a0\u00bb.vc_custom_1762509807221{margin-top: 0px !important;margin-right: 0px !important;margin-bottom: 0px !important;margin-left: 0px !important;padding-top: 0px !important;padding-right: 0px !important;padding-bottom: 0px !important;padding-left: 0px !important;}\u00a0\u00bb]\n<p style=\"text-align: center;\"><strong><span style=\"color: #009640; font-size: 28px; line-height: 1.25;\">L\u00c9GUMES ISSUS D&rsquo;UNE FILI\u00c8RE \u00c9CO-SENSIBLES SANS R\u00c9SIDUS DE PESTICIDES : PLUS DE 30 ANS D&rsquo;ENGAGEMENT POUR UNE ALIMENTATION SAINE ET LA PROTECTION DE LA SANT\u00c9 DES CONSOMMATEURS.<\/span><\/strong><\/p>\n[\/vc_column_text][\/vc_column][vc_column width=\u00a0\u00bb2\/3&Prime;][vc_single_image image=\u00a0\u00bb4766&Prime; img_size=\u00a0\u00bbfull\u00a0\u00bb alignment=\u00a0\u00bbright\u00a0\u00bb css=\u00a0\u00bb.vc_custom_1762509924567{margin-bottom: 70px !important;}\u00a0\u00bb][\/vc_column][\/vc_row][vc_row equal_height=\u00a0\u00bbyes\u00a0\u00bb rtl_reverse=\u00a0\u00bbyes\u00a0\u00bb content_placement=\u00a0\u00bbmiddle\u00a0\u00bb pix_particles_check=\u00a0\u00bb\u00a0\u00bb][vc_column width=\u00a0\u00bb2\/3&Prime;][vc_single_image image=\u00a0\u00bb4767&Prime; img_size=\u00a0\u00bbfull\u00a0\u00bb css=\u00a0\u00bb.vc_custom_1762509582832{margin-bottom: 70px !important;padding-left: 0px !important;}\u00a0\u00bb][\/vc_column][vc_column width=\u00a0\u00bb1\/3&Prime; content_align=\u00a0\u00bbtext-center\u00a0\u00bb][vc_column_text css=\u00a0\u00bb.vc_custom_1763023482174{margin-top: 0px !important;margin-right: 0px !important;margin-bottom: 0px !important;margin-left: 0px !important;padding-top: 0px !important;padding-right: 0px !important;padding-bottom: 0px !important;padding-left: 0px !important;}\u00a0\u00bb]\n<p style=\"text-align: center;\"><span style=\"color: #009640; font-size: 28px; line-height: 1.25;\"><strong>PIZZAS ET PLATS CUISIN\u00c9S PRODUITS \u00c0 PARME, NOMM\u00c9E<\/strong> \u201c<strong>VILLE CR\u00c9ATIVE DE LA GASTRONOMIE\u201d PAR L\u2019UNESCO.<\/strong>\n<\/span><\/p>\n[\/vc_column_text][vc_single_image image=\u00a0\u00bb4768&Prime; img_size=\u00a0\u00bbmedium\u00a0\u00bb alignment=\u00a0\u00bbcenter\u00a0\u00bb css=\u00a0\u00bb.vc_custom_1762511996950{margin-bottom: 0px !important;padding-top: 20px !important;padding-right: 0px !important;}\u00a0\u00bb][\/vc_column][\/vc_row][vc_row equal_height=\u00a0\u00bbyes\u00a0\u00bb rtl_reverse=\u00a0\u00bbyes\u00a0\u00bb content_placement=\u00a0\u00bbmiddle\u00a0\u00bb pix_particles_check=\u00a0\u00bb\u00a0\u00bb][vc_column width=\u00a0\u00bb1\/3&Prime; content_align=\u00a0\u00bbtext-center\u00a0\u00bb][vc_column_text css=\u00a0\u00bb.vc_custom_1762522465518{margin-top: 0px !important;margin-right: 0px !important;margin-bottom: 0px !important;margin-left: 0px !important;padding-top: 0px !important;padding-right: 0px !important;padding-bottom: 0px !important;padding-left: 0px !important;}\u00a0\u00bb]\n<p style=\"text-align: center;\"><strong><span style=\"color: #009640; font-size: 28px; line-height: 1.25;\">SP\u00c9CIALISTE DE MARQUE DE DISTRIBUTEUR, AVEC DES \u00c9QUIPES D\u00c9DI\u00c9ES AU D\u00c9VELOPPEMENT DE CHAQUE GAMME DE PRODUITS.<\/span><\/strong><\/p>\n[\/vc_column_text][vc_single_image image=\u00a0\u00bb4769&Prime; img_size=\u00a0\u00bbmedium\u00a0\u00bb alignment=\u00a0\u00bbcenter\u00a0\u00bb css=\u00a0\u00bb.vc_custom_1762512072573{margin-bottom: 0px !important;padding-top: 20px !important;}\u00a0\u00bb][\/vc_column][vc_column width=\u00a0\u00bb2\/3&Prime;][vc_single_image image=\u00a0\u00bb4770&Prime; img_size=\u00a0\u00bbfull\u00a0\u00bb alignment=\u00a0\u00bbright\u00a0\u00bb css=\u00a0\u00bb.vc_custom_1762513377014{margin-bottom: 70px !important;}\u00a0\u00bb][\/vc_column][\/vc_row]<\/div>","protected":false},"excerpt":{"rendered":"[vc_row equal_height=\u00a0\u00bbyes\u00a0\u00bb rtl_reverse=\u00a0\u00bbyes\u00a0\u00bb content_placement=\u00a0\u00bbmiddle\u00a0\u00bb pix_particles_check=\u00a0\u00bb\u00a0\u00bb][vc_column width=\u00a0\u00bb3\/5&Prime;][vc_empty_space height=\u00a0\u00bb36px\u00a0\u00bb][\/vc_column][vc_column width=\u00a0\u00bb2\/5&Prime;][vc_column_text css=\u00a0\u00bb.vc_custom_1763023437366{margin-top: 0px !important;margin-right: 0px !important;margin-bottom: 0px !important;margin-left: 0px !important;padding-top: 0px !important;padding-right: 0px !important;padding-bottom: 0px !important;padding-left: 0px !important;}\u00a0\u00bb] L&rsquo;HISTOIRE DES SURGEL\u00c9S EN ITALIE DEPUIS 1958, L\u00c9GUMES, PIZZAS ET PLATS CUISIN\u00c9S SURGEL\u00c9S Entreprise avec&#8230;","protected":false},"author":1,"featured_media":0,"parent":0,"menu_order":0,"comment_status":"closed","ping_status":"closed","template":"","meta":{"footnotes":""},"class_list":["post-4783","page","type-page","status-publish","hentry"],"_links":{"self":[{"href":"https:\/\/www.rolli.it\/fr\/wp-json\/wp\/v2\/pages\/4783","targetHints":{"allow":["GET"]}}],"collection":[{"href":"https:\/\/www.rolli.it\/fr\/wp-json\/wp\/v2\/pages"}],"about":[{"href":"https:\/\/www.rolli.it\/fr\/wp-json\/wp\/v2\/types\/page"}],"author":[{"embeddable":true,"href":"https:\/\/www.rolli.it\/fr\/wp-json\/wp\/v2\/users\/1"}],"replies":[{"embeddable":true,"href":"https:\/\/www.rolli.it\/fr\/wp-json\/wp\/v2\/comments?post=4783"}],"version-history":[{"count":0,"href":"https:\/\/www.rolli.it\/fr\/wp-json\/wp\/v2\/pages\/4783\/revisions"}],"wp:attachment":[{"href":"https:\/\/www.rolli.it\/fr\/wp-json\/wp\/v2\/media?parent=4783"}],"curies":[{"name":"wp","href":"https:\/\/api.w.org\/{rel}","templated":true}]}}