{"id":4825,"date":"2025-11-07T16:06:44","date_gmt":"2025-11-07T15:06:44","guid":{"rendered":"https:\/\/www.rolli.it\/marque-de-distributeur\/"},"modified":"2025-12-04T14:36:26","modified_gmt":"2025-12-04T13:36:26","slug":"marque-de-distributeur","status":"publish","type":"page","link":"https:\/\/www.rolli.it\/fr\/marque-de-distributeur\/","title":{"rendered":"Marque de distributeur"},"content":{"rendered":"<div class=\"wpb-content-wrapper\">[vc_row pix_particles_check=\u00a0\u00bb\u00a0\u00bb][vc_column][vc_column_text css=\u00a0\u00bb\u00a0\u00bb]\r\n<p style=\"text-align: center;\"><strong><span style=\"color: #e30613; font-size: 36px; line-height: 1.25;\">SPECIALISTE MARQUE DE DISTRIBUTEUR<\/span><\/strong><\/p>\r\n[\/vc_column_text][vc_single_image image=\u00a0\u00bb4770&Prime; img_size=\u00a0\u00bbfull\u00a0\u00bb alignment=\u00a0\u00bbcenter\u00a0\u00bb css=\u00a0\u00bb\u00a0\u00bb][vc_empty_space height=\u00a0\u00bb48px\u00a0\u00bb][\/vc_column][\/vc_row][vc_row pix_particles_check=\u00a0\u00bb\u00a0\u00bb][vc_column][vc_column_text css=\u00a0\u00bb\u00a0\u00bb]\r\n<p style=\"text-align: center;\"><strong><span style=\"color: #e30613; font-size: 36px; line-height: 1.25;\">VOTRE MARQUE : NOTRE EXP\u00c9RIENCE.\r\nPERSONNALISATION, INNOVATION ET FOCUS SUR DIFF\u00c9RENTS MARCH\u00c9S<\/span><\/strong><\/p>\r\n[\/vc_column_text][vc_empty_space height=\u00a0\u00bb12px\u00a0\u00bb][vc_row_inner][vc_column_inner width=\u00a0\u00bb1\/12&Prime;][\/vc_column_inner][vc_column_inner width=\u00a0\u00bb5\/6&Prime;][vc_column_text css=\u00a0\u00bb.vc_custom_1764855310420{padding-right: 0px !important;padding-left: 0px !important;}\u00a0\u00bb]\r\n<p style=\"text-align: left;\"><strong><span style=\"color: #009640; font-size: 20px; line-height: 1.25;\">Nous sommes sp\u00e9cialistes de la marque de distributeur, avec un savoir-faire solide dans la cr\u00e9ation de projets sur mesure avec des recettes personnalis\u00e9es.\r\nNous travaillons en \u00e9troite collaboration avec des chefs internationaux pour proposer des produits innovants et de haute qualit\u00e9, adapt\u00e9s aux besoins propres \u00e0 chaque march\u00e9.\r\nLe si\u00e8ge principal de la R&amp;D se trouve sur le site de Noceto (Parma) et dispose d\u2019\u00e9quipes d\u00e9di\u00e9es au D\u00e9veloppement Produit.<\/span><\/strong><\/p>\r\n[\/vc_column_text][\/vc_column_inner][vc_column_inner width=\u00a0\u00bb1\/12&Prime;][\/vc_column_inner][\/vc_row_inner][\/vc_column][\/vc_row][vc_row pix_particles_check=\u00a0\u00bb\u00a0\u00bb][vc_column width=\u00a0\u00bb1\/12&Prime;][\/vc_column][vc_column width=\u00a0\u00bb5\/6&Prime;][vc_empty_space height=\u00a0\u00bb12px\u00a0\u00bb][vc_row_inner][vc_column_inner width=\u00a0\u00bb1\/6&Prime;][vc_column_text css=\u00a0\u00bb\u00a0\u00bb]\r\n<p style=\"text-align: left; color: #009640; font-size: 20px; line-height: 1.25;\"><strong>L\u00c9GUMES<\/strong><\/p>\r\n\r\n<ul style=\"color: #009640; font-size: 20px; line-height: 1.25; padding-left: 20px;\">\r\n \t<li><strong>L\u00e9gumes issus de fili\u00e8re Eco-Sensible et Sans R\u00e9sidus de Pesticides<\/strong><\/li>\r\n \t<li><strong>L\u00e9gumes Grill\u00e9s<\/strong><\/li>\r\n \t<li><strong>L\u00e9gumes Pan\u00e9s &amp; Waffle de Pommes de Terre<\/strong><\/li>\r\n \t<li><strong>L\u00e9gumes issus de l&rsquo;agriculture Biologique<\/strong><\/li>\r\n \t<li><strong>Soupes et Velout\u00e9s<\/strong><\/li>\r\n \t<li><strong>L\u00e9gumes d&rsquo;Accompagnement avec sauce<\/strong><\/li>\r\n \t<li><strong>Burgers de L\u00e9gumes<\/strong><\/li>\r\n \t<li><strong>L\u00e9gumes fa\u00e7on Riz ou Spaghetti<\/strong><\/li>\r\n<\/ul>\r\n[\/vc_column_text][\/vc_column_inner][vc_column_inner width=\u00a0\u00bb1\/6&Prime;][vc_single_image image=\u00a0\u00bb4787&Prime; img_size=\u00a0\u00bbfull\u00a0\u00bb alignment=\u00a0\u00bbcenter\u00a0\u00bb css=\u00a0\u00bb\u00a0\u00bb][vc_empty_space height=\u00a0\u00bb8px\u00a0\u00bb][vc_single_image image=\u00a0\u00bb4788&Prime; img_size=\u00a0\u00bbfull\u00a0\u00bb alignment=\u00a0\u00bbcenter\u00a0\u00bb css=\u00a0\u00bb\u00a0\u00bb][vc_empty_space height=\u00a0\u00bb48px\u00a0\u00bb][\/vc_column_inner][vc_column_inner width=\u00a0\u00bb1\/6&Prime;][vc_single_image image=\u00a0\u00bb4789&Prime; img_size=\u00a0\u00bbfull\u00a0\u00bb alignment=\u00a0\u00bbcenter\u00a0\u00bb css=\u00a0\u00bb\u00a0\u00bb][vc_empty_space height=\u00a0\u00bb8px\u00a0\u00bb][vc_single_image image=\u00a0\u00bb4790&Prime; img_size=\u00a0\u00bbfull\u00a0\u00bb alignment=\u00a0\u00bbcenter\u00a0\u00bb css=\u00a0\u00bb\u00a0\u00bb][vc_empty_space height=\u00a0\u00bb48px\u00a0\u00bb][\/vc_column_inner][vc_column_inner width=\u00a0\u00bb1\/6&Prime;][vc_single_image image=\u00a0\u00bb4791&Prime; img_size=\u00a0\u00bbfull\u00a0\u00bb alignment=\u00a0\u00bbcenter\u00a0\u00bb css=\u00a0\u00bb\u00a0\u00bb][vc_empty_space height=\u00a0\u00bb8px\u00a0\u00bb][vc_single_image image=\u00a0\u00bb4792&Prime; img_size=\u00a0\u00bbfull\u00a0\u00bb alignment=\u00a0\u00bbcenter\u00a0\u00bb css=\u00a0\u00bb\u00a0\u00bb][vc_empty_space height=\u00a0\u00bb48px\u00a0\u00bb][\/vc_column_inner][vc_column_inner width=\u00a0\u00bb1\/6&Prime;][vc_single_image image=\u00a0\u00bb4793&Prime; img_size=\u00a0\u00bbfull\u00a0\u00bb alignment=\u00a0\u00bbcenter\u00a0\u00bb css=\u00a0\u00bb\u00a0\u00bb][vc_empty_space height=\u00a0\u00bb8px\u00a0\u00bb][vc_single_image image=\u00a0\u00bb4794&Prime; img_size=\u00a0\u00bbfull\u00a0\u00bb alignment=\u00a0\u00bbcenter\u00a0\u00bb css=\u00a0\u00bb\u00a0\u00bb][vc_empty_space height=\u00a0\u00bb48px\u00a0\u00bb][\/vc_column_inner][vc_column_inner width=\u00a0\u00bb1\/6&Prime;][vc_single_image image=\u00a0\u00bb4795&Prime; img_size=\u00a0\u00bbfull\u00a0\u00bb alignment=\u00a0\u00bbcenter\u00a0\u00bb css=\u00a0\u00bb\u00a0\u00bb][vc_empty_space height=\u00a0\u00bb8px\u00a0\u00bb][vc_single_image image=\u00a0\u00bb4796&Prime; img_size=\u00a0\u00bbfull\u00a0\u00bb alignment=\u00a0\u00bbcenter\u00a0\u00bb css=\u00a0\u00bb\u00a0\u00bb][vc_empty_space height=\u00a0\u00bb48px\u00a0\u00bb][\/vc_column_inner][\/vc_row_inner][vc_row_inner][vc_column_inner width=\u00a0\u00bb1\/6&Prime;][vc_column_text css=\u00a0\u00bb\u00a0\u00bb]\r\n<p style=\"text-align: left; color: #009640; font-size: 20px; line-height: 1.25;\"><strong>PIZZAS et SNACK<\/strong><\/p>\r\n\r\n<ul style=\"color: #009640; font-size: 20px; line-height: 1.25; padding-left: 20px;\">\r\n \t<li><strong>Pizzas cuites au feu de bois \u00e0 p\u00e2te lev\u00e9e 24\/48h<\/strong><\/li>\r\n \t<li><strong>Pizzas classiques cuites sur pierre<\/strong><\/li>\r\n \t<li><strong>Pinsas p\u00e2te lev\u00e9e 48h<\/strong><\/li>\r\n \t<li><strong>Pizzas \u00e0 la part<\/strong><\/li>\r\n \t<li><strong>Pizzas micro-ondables<\/strong><\/li>\r\n \t<li><strong>Snack<\/strong><\/li>\r\n \t<li><strong>Pizzas th\u00e9matiques<\/strong><\/li>\r\n \t<li><strong>Pizzas Free From (sans gluten, v\u00e9g\u00e9tariennes, v\u00e9ganes)<\/strong><\/li>\r\n<\/ul>\r\n[\/vc_column_text][\/vc_column_inner][vc_column_inner width=\u00a0\u00bb1\/6&Prime;][vc_single_image image=\u00a0\u00bb4797&Prime; img_size=\u00a0\u00bbfull\u00a0\u00bb alignment=\u00a0\u00bbcenter\u00a0\u00bb css=\u00a0\u00bb\u00a0\u00bb][vc_empty_space height=\u00a0\u00bb8px\u00a0\u00bb][vc_single_image image=\u00a0\u00bb4798&Prime; img_size=\u00a0\u00bbfull\u00a0\u00bb alignment=\u00a0\u00bbcenter\u00a0\u00bb css=\u00a0\u00bb\u00a0\u00bb][vc_empty_space height=\u00a0\u00bb48px\u00a0\u00bb][\/vc_column_inner][vc_column_inner width=\u00a0\u00bb1\/6&Prime;][vc_single_image image=\u00a0\u00bb4799&Prime; img_size=\u00a0\u00bbfull\u00a0\u00bb alignment=\u00a0\u00bbcenter\u00a0\u00bb css=\u00a0\u00bb\u00a0\u00bb][vc_empty_space height=\u00a0\u00bb8px\u00a0\u00bb][vc_single_image image=\u00a0\u00bb4800&Prime; img_size=\u00a0\u00bbfull\u00a0\u00bb alignment=\u00a0\u00bbcenter\u00a0\u00bb css=\u00a0\u00bb\u00a0\u00bb][vc_empty_space height=\u00a0\u00bb48px\u00a0\u00bb][\/vc_column_inner][vc_column_inner width=\u00a0\u00bb1\/6&Prime;][vc_single_image image=\u00a0\u00bb4801&Prime; img_size=\u00a0\u00bbfull\u00a0\u00bb alignment=\u00a0\u00bbcenter\u00a0\u00bb css=\u00a0\u00bb\u00a0\u00bb][vc_empty_space height=\u00a0\u00bb8px\u00a0\u00bb][vc_single_image image=\u00a0\u00bb4802&Prime; img_size=\u00a0\u00bbfull\u00a0\u00bb alignment=\u00a0\u00bbcenter\u00a0\u00bb css=\u00a0\u00bb\u00a0\u00bb][vc_empty_space height=\u00a0\u00bb48px\u00a0\u00bb][\/vc_column_inner][vc_column_inner width=\u00a0\u00bb1\/6&Prime;][vc_single_image image=\u00a0\u00bb4803&Prime; img_size=\u00a0\u00bbfull\u00a0\u00bb alignment=\u00a0\u00bbcenter\u00a0\u00bb css=\u00a0\u00bb\u00a0\u00bb][vc_empty_space height=\u00a0\u00bb8px\u00a0\u00bb][vc_single_image image=\u00a0\u00bb4804&Prime; img_size=\u00a0\u00bbfull\u00a0\u00bb alignment=\u00a0\u00bbcenter\u00a0\u00bb css=\u00a0\u00bb\u00a0\u00bb][vc_empty_space height=\u00a0\u00bb48px\u00a0\u00bb][\/vc_column_inner][vc_column_inner width=\u00a0\u00bb1\/6&Prime;][vc_single_image image=\u00a0\u00bb4805&Prime; img_size=\u00a0\u00bbfull\u00a0\u00bb alignment=\u00a0\u00bbcenter\u00a0\u00bb css=\u00a0\u00bb\u00a0\u00bb][vc_empty_space height=\u00a0\u00bb8px\u00a0\u00bb][vc_single_image image=\u00a0\u00bb4806&Prime; img_size=\u00a0\u00bbfull\u00a0\u00bb alignment=\u00a0\u00bbcenter\u00a0\u00bb css=\u00a0\u00bb\u00a0\u00bb][vc_empty_space height=\u00a0\u00bb48px\u00a0\u00bb][\/vc_column_inner][\/vc_row_inner][vc_row_inner][vc_column_inner width=\u00a0\u00bb1\/6&Prime;][vc_column_text css=\u00a0\u00bb\u00a0\u00bb]\r\n<p style=\"text-align: left; color: #009640; font-size: 20px; line-height: 1.25;\"><strong>PLATS CUISIN\u00c9S<\/strong><\/p>\r\n\r\n<ul style=\"color: #009640; font-size: 20px; line-height: 1.25; padding-left: 20px;\">\r\n \t<li><strong>Plats pr\u00e9par\u00e9s en sachet<\/strong><\/li>\r\n \t<li><strong>Plats pr\u00e9par\u00e9s en barquette<\/strong><\/li>\r\n \t<li><strong>Plats cuisin\u00e9s Free From (sans gluten, v\u00e9g\u00e9tariens, v\u00e9gans, halal)<\/strong><\/li>\r\n<\/ul>\r\n[\/vc_column_text][\/vc_column_inner][vc_column_inner width=\u00a0\u00bb1\/6&Prime;][vc_single_image image=\u00a0\u00bb4807&Prime; img_size=\u00a0\u00bbfull\u00a0\u00bb alignment=\u00a0\u00bbcenter\u00a0\u00bb css=\u00a0\u00bb\u00a0\u00bb][vc_empty_space height=\u00a0\u00bb8px\u00a0\u00bb][vc_single_image image=\u00a0\u00bb4808&Prime; img_size=\u00a0\u00bbfull\u00a0\u00bb alignment=\u00a0\u00bbcenter\u00a0\u00bb css=\u00a0\u00bb\u00a0\u00bb][\/vc_column_inner][vc_column_inner width=\u00a0\u00bb1\/6&Prime;][vc_single_image image=\u00a0\u00bb4809&Prime; img_size=\u00a0\u00bbfull\u00a0\u00bb alignment=\u00a0\u00bbcenter\u00a0\u00bb css=\u00a0\u00bb\u00a0\u00bb][vc_empty_space height=\u00a0\u00bb8px\u00a0\u00bb][vc_single_image image=\u00a0\u00bb4810&Prime; img_size=\u00a0\u00bbfull\u00a0\u00bb alignment=\u00a0\u00bbcenter\u00a0\u00bb css=\u00a0\u00bb\u00a0\u00bb][\/vc_column_inner][vc_column_inner width=\u00a0\u00bb1\/6&Prime;][vc_single_image image=\u00a0\u00bb4811&Prime; img_size=\u00a0\u00bbfull\u00a0\u00bb alignment=\u00a0\u00bbcenter\u00a0\u00bb css=\u00a0\u00bb\u00a0\u00bb][vc_empty_space height=\u00a0\u00bb8px\u00a0\u00bb][vc_single_image image=\u00a0\u00bb4812&Prime; img_size=\u00a0\u00bbfull\u00a0\u00bb alignment=\u00a0\u00bbcenter\u00a0\u00bb css=\u00a0\u00bb\u00a0\u00bb][\/vc_column_inner][vc_column_inner width=\u00a0\u00bb1\/6&Prime;][vc_single_image image=\u00a0\u00bb4813&Prime; img_size=\u00a0\u00bbfull\u00a0\u00bb alignment=\u00a0\u00bbcenter\u00a0\u00bb css=\u00a0\u00bb\u00a0\u00bb][vc_empty_space height=\u00a0\u00bb8px\u00a0\u00bb][vc_single_image image=\u00a0\u00bb4814&Prime; img_size=\u00a0\u00bbfull\u00a0\u00bb alignment=\u00a0\u00bbcenter\u00a0\u00bb css=\u00a0\u00bb\u00a0\u00bb][\/vc_column_inner][vc_column_inner width=\u00a0\u00bb1\/6&Prime;][vc_single_image image=\u00a0\u00bb4815&Prime; img_size=\u00a0\u00bbfull\u00a0\u00bb alignment=\u00a0\u00bbcenter\u00a0\u00bb css=\u00a0\u00bb\u00a0\u00bb][vc_empty_space height=\u00a0\u00bb8px\u00a0\u00bb][vc_single_image image=\u00a0\u00bb4816&Prime; img_size=\u00a0\u00bbfull\u00a0\u00bb alignment=\u00a0\u00bbcenter\u00a0\u00bb css=\u00a0\u00bb\u00a0\u00bb][\/vc_column_inner][\/vc_row_inner][\/vc_column][vc_column width=\u00a0\u00bb1\/12&Prime;][\/vc_column][\/vc_row][vc_row pix_particles_check=\u00a0\u00bb\u00a0\u00bb][vc_column][vc_empty_space height=\u00a0\u00bb12px\u00a0\u00bb][vc_column_text css=\u00a0\u00bb\u00a0\u00bb]\r\n<p style=\"text-align: center;\"><strong><span style=\"color: #e30613; font-size: 36px; line-height: 1.25;\">SOLUTIONS D\u2019EMBALLAGES MULTIPLES<\/span><\/strong><\/p>\r\n[\/vc_column_text][\/vc_column][\/vc_row][vc_row pix_particles_check=\u00a0\u00bb\u00a0\u00bb][vc_column width=\u00a0\u00bb1\/2&Prime;][vc_single_image image=\u00a0\u00bb4817&Prime; img_size=\u00a0\u00bbfull\u00a0\u00bb css=\u00a0\u00bb\u00a0\u00bb][\/vc_column][vc_column width=\u00a0\u00bb1\/2&Prime;][vc_column_text css=\u00a0\u00bb\u00a0\u00bb]\r\n<p style=\"text-align: left; color: #009640; font-size: 22px; line-height: 1.25;\"><strong>L\u00c9GUMES ET PLATS CUISIN\u00c9S \u00c0 LA PO\u00caLE STIR-FRY (SACHETS)<\/strong><\/p>\r\n\r\n<ul style=\"color: #009640; font-size: 22px; line-height: 1.25; padding-left: 20px;\">\r\n \t<li><strong>Sachets PILLOW en poly ou papier, sachets avec ouverture zip grip, sachets avec fen\u00eatre, sachets pour cuisson \u00e0 la vapeur, sachets multi-pack<\/strong><\/li>\r\n \t<li><strong>Sachets STAND UP et avec SOUFFLET<\/strong><\/li>\r\n \t<li><strong>Sachet pour cuisson au four \u00e0 micro-ondes<\/strong><\/li>\r\n<\/ul>\r\n<p style=\"text-align: left; color: #009640; font-size: 22px; line-height: 1.25;\"><strong>PLATS CUISIN\u00c9S POUR FOUR \u00c0 MICRO-ONDES<\/strong><\/p>\r\n\r\n<ul style=\"color: #009640; font-size: 22px; line-height: 1.25; padding-left: 20px;\">\r\n \t<li><strong>Barquettes compatibles pour four \u00e0 micro-ondes ou traditionnel en carton ou autres mat\u00e9riaux<\/strong><\/li>\r\n<\/ul>\r\n<p style=\"text-align: left; color: #009640; font-size: 22px; line-height: 1.25;\"><strong>PIZZAS :<\/strong><\/p>\r\n\r\n<ul style=\"color: #009640; font-size: 22px; line-height: 1.25; padding-left: 20px;\">\r\n \t<li><strong>\u00c9tuis en carton<\/strong><\/li>\r\n \t<li><strong>\u00c9tuis en carton pour cuisson directe au four \u00e0 micro-ondes<\/strong><\/li>\r\n<\/ul>\r\n[\/vc_column_text][\/vc_column][\/vc_row]<\/div>","protected":false},"excerpt":{"rendered":"[vc_row pix_particles_check=\u00a0\u00bb\u00a0\u00bb][vc_column][vc_column_text css=\u00a0\u00bb\u00a0\u00bb] SPECIALISTE MARQUE DE DISTRIBUTEUR [\/vc_column_text][vc_single_image image=\u00a0\u00bb4770&Prime; img_size=\u00a0\u00bbfull\u00a0\u00bb alignment=\u00a0\u00bbcenter\u00a0\u00bb css=\u00a0\u00bb\u00a0\u00bb][vc_empty_space height=\u00a0\u00bb48px\u00a0\u00bb][\/vc_column][\/vc_row][vc_row pix_particles_check=\u00a0\u00bb\u00a0\u00bb][vc_column][vc_column_text css=\u00a0\u00bb\u00a0\u00bb] VOTRE MARQUE : NOTRE EXP\u00c9RIENCE. PERSONNALISATION, INNOVATION ET FOCUS SUR DIFF\u00c9RENTS MARCH\u00c9S [\/vc_column_text][vc_empty_space height=\u00a0\u00bb12px\u00a0\u00bb][vc_row_inner][vc_column_inner width=\u00a0\u00bb1\/12&Prime;][\/vc_column_inner][vc_column_inner width=\u00a0\u00bb5\/6&Prime;][vc_column_text css=\u00a0\u00bb.vc_custom_1764855310420{padding-right: 0px !important;padding-left: 0px !important;}\u00a0\u00bb] Nous sommes sp\u00e9cialistes de&#8230;","protected":false},"author":1,"featured_media":0,"parent":0,"menu_order":0,"comment_status":"closed","ping_status":"closed","template":"","meta":{"footnotes":""},"class_list":["post-4825","page","type-page","status-publish","hentry"],"_links":{"self":[{"href":"https:\/\/www.rolli.it\/fr\/wp-json\/wp\/v2\/pages\/4825","targetHints":{"allow":["GET"]}}],"collection":[{"href":"https:\/\/www.rolli.it\/fr\/wp-json\/wp\/v2\/pages"}],"about":[{"href":"https:\/\/www.rolli.it\/fr\/wp-json\/wp\/v2\/types\/page"}],"author":[{"embeddable":true,"href":"https:\/\/www.rolli.it\/fr\/wp-json\/wp\/v2\/users\/1"}],"replies":[{"embeddable":true,"href":"https:\/\/www.rolli.it\/fr\/wp-json\/wp\/v2\/comments?post=4825"}],"version-history":[{"count":0,"href":"https:\/\/www.rolli.it\/fr\/wp-json\/wp\/v2\/pages\/4825\/revisions"}],"wp:attachment":[{"href":"https:\/\/www.rolli.it\/fr\/wp-json\/wp\/v2\/media?parent=4825"}],"curies":[{"name":"wp","href":"https:\/\/api.w.org\/{rel}","templated":true}]}}