{"id":4834,"date":"2025-11-07T14:42:08","date_gmt":"2025-11-07T13:42:08","guid":{"rendered":"https:\/\/www.rolli.it\/filiere-eco-sensibles\/"},"modified":"2025-12-04T14:30:34","modified_gmt":"2025-12-04T13:30:34","slug":"filiere-eco-sensibles","status":"publish","type":"page","link":"https:\/\/www.rolli.it\/fr\/filiere-eco-sensibles\/","title":{"rendered":"Fili\u00e8re \u00e9co-sensibles"},"content":{"rendered":"<div class=\"wpb-content-wrapper\">[vc_row pix_particles_check=\u00a0\u00bb\u00a0\u00bb][vc_column][vc_single_image image=\u00a0\u00bb4930&Prime; img_size=\u00a0\u00bbfull\u00a0\u00bb alignment=\u00a0\u00bbcenter\u00a0\u00bb css=\u00a0\u00bb\u00a0\u00bb][vc_empty_space height=\u00a0\u00bb48px\u00a0\u00bb][vc_row_inner][vc_column_inner width=\u00a0\u00bb1\/5&Prime;][\/vc_column_inner][vc_column_inner width=\u00a0\u00bb3\/5&Prime;][vc_column_text css=\u00a0\u00bb.vc_custom_1764855030228{margin-bottom: 0px !important;}\u00a0\u00bb]\r\n<p style=\"text-align: left;\"><strong><span style=\"color: #009640; font-size: 22px; line-height: 1.25;\">Industrie Rolli Alimentari est la premi\u00e8re entreprise du secteur agro-alimentaire mondial \u00e0 avoir d\u00e9pos\u00e9 un brevet exclusif pour la production de l\u00e9gumes surgel\u00e9s Eco-Sensibles et Sans R\u00e9sidu de Pesticides, gr\u00e2ce \u00e0 :<\/span><\/strong><\/p>\r\n\r\n<ul>\r\n \t<li style=\"color: #009640; font-size: 22px;\"><b>L\u00c9GUMES issus de la PRODUCTION INT\u00c9GR\u00c9E<\/b><\/li>\r\n \t<li style=\"color: #009640; font-size: 22px;\"><b>R\u00c9SIDUS de PRODUITS PHYTOPHARMACEUTIQUES INF\u00c9RIEURS aux LIMITES de D\u00c9TECTION = 0,01 mg\/kg<\/b><\/li>\r\n \t<li style=\"color: #009640; font-size: 22px;\"><b>PRATIQUES AGRICOLES \u00e0 IMPACT R\u00c9DUIT sur l\u2019AIR, le SOL, l\u2019EAU<\/b><\/li>\r\n \t<li style=\"color: #009640; font-size: 22px;\"><b>L\u00c9GUMES 100% CULTIV\u00c9S et TRANSFORM\u00c9S en ITALIE<\/b><\/li>\r\n \t<li style=\"color: #009640; font-size: 22px;\"><b>FILI\u00c8RE CONTR\u00d4L\u00c9E et CERTIFI\u00c9E<\/b><\/li>\r\n \t<li style=\"color: #009640; font-size: 22px;\"><b>PR\u00c9SERVATION de l\u2019ENVIRONNEMENT garantie par le certificat d\u2019ENERGY SAVING COMPANY<\/b><\/li>\r\n \t<li style=\"color: #009640; font-size: 22px;\"><b>SACS en PAPIER 100% COMPOSTABLES et BO\u00ceTES 100% RECYCLABLES<\/b><\/li>\r\n<\/ul>\r\n[\/vc_column_text][\/vc_column_inner][vc_column_inner width=\u00a0\u00bb1\/5&Prime;][\/vc_column_inner][\/vc_row_inner][\/vc_column][\/vc_row][vc_row pix_particles_check=\u00a0\u00bb\u00a0\u00bb][vc_column][vc_empty_space height=\u00a0\u00bb24px\u00a0\u00bb][vc_single_image image=\u00a0\u00bb4823&Prime; img_size=\u00a0\u00bbfull\u00a0\u00bb alignment=\u00a0\u00bbcenter\u00a0\u00bb css=\u00a0\u00bb\u00a0\u00bb][\/vc_column][\/vc_row][vc_row pix_particles_check=\u00a0\u00bb\u00a0\u00bb][vc_column][vc_empty_space height=\u00a0\u00bb24px\u00a0\u00bb][vc_column_text css=\u00a0\u00bb\u00a0\u00bb]\r\n<p style=\"text-align: center;\"><strong><span style=\"color: #e30613; font-size: 36px; line-height: 1.25;\">FILI\u00c8RE \u00c9CO-SENSIBLES<\/span><\/strong><\/p>\r\n[\/vc_column_text][vc_empty_space height=\u00a0\u00bb24px\u00a0\u00bb][\/vc_column][\/vc_row][vc_row pix_particles_check=\u00a0\u00bb\u00a0\u00bb][vc_column][vc_single_image image=\u00a0\u00bb4931&Prime; img_size=\u00a0\u00bbfull\u00a0\u00bb alignment=\u00a0\u00bbcenter\u00a0\u00bb css=\u00a0\u00bb\u00a0\u00bb][vc_row_inner][vc_column_inner width=\u00a0\u00bb1\/5&Prime;][\/vc_column_inner][vc_column_inner width=\u00a0\u00bb3\/5&Prime;][vc_column_text css=\u00a0\u00bb.vc_custom_1764854290668{margin-bottom: 0px !important;}\u00a0\u00bb]\r\n<p style=\"text-align: center;\"><strong><span style=\"color: #009640; font-size: 22px; line-height: 1.25;\">SANS OGM :\r\nLes semences sont s\u00e9lectionn\u00e9es et fournies directement aux agriculteurs afin de garantir des vari\u00e9t\u00e9s non g\u00e9n\u00e9tiquement modifi\u00e9es.\r\n<\/span><\/strong><\/p>\r\n[\/vc_column_text][vc_empty_space][\/vc_column_inner][vc_column_inner width=\u00a0\u00bb1\/5&Prime;][\/vc_column_inner][\/vc_row_inner][\/vc_column][\/vc_row]<\/div>","protected":false},"excerpt":{"rendered":"[vc_row pix_particles_check=\u00a0\u00bb\u00a0\u00bb][vc_column][vc_single_image image=\u00a0\u00bb4930&Prime; img_size=\u00a0\u00bbfull\u00a0\u00bb alignment=\u00a0\u00bbcenter\u00a0\u00bb css=\u00a0\u00bb\u00a0\u00bb][vc_empty_space height=\u00a0\u00bb48px\u00a0\u00bb][vc_row_inner][vc_column_inner width=\u00a0\u00bb1\/5&Prime;][\/vc_column_inner][vc_column_inner width=\u00a0\u00bb3\/5&Prime;][vc_column_text css=\u00a0\u00bb.vc_custom_1764855030228{margin-bottom: 0px !important;}\u00a0\u00bb] Industrie Rolli Alimentari est la premi\u00e8re entreprise du secteur agro-alimentaire mondial \u00e0 avoir d\u00e9pos\u00e9 un brevet exclusif pour la production de l\u00e9gumes surgel\u00e9s Eco-Sensibles et Sans R\u00e9sidu de&#8230;","protected":false},"author":1,"featured_media":0,"parent":0,"menu_order":0,"comment_status":"closed","ping_status":"closed","template":"","meta":{"footnotes":""},"class_list":["post-4834","page","type-page","status-publish","hentry"],"_links":{"self":[{"href":"https:\/\/www.rolli.it\/fr\/wp-json\/wp\/v2\/pages\/4834","targetHints":{"allow":["GET"]}}],"collection":[{"href":"https:\/\/www.rolli.it\/fr\/wp-json\/wp\/v2\/pages"}],"about":[{"href":"https:\/\/www.rolli.it\/fr\/wp-json\/wp\/v2\/types\/page"}],"author":[{"embeddable":true,"href":"https:\/\/www.rolli.it\/fr\/wp-json\/wp\/v2\/users\/1"}],"replies":[{"embeddable":true,"href":"https:\/\/www.rolli.it\/fr\/wp-json\/wp\/v2\/comments?post=4834"}],"version-history":[{"count":0,"href":"https:\/\/www.rolli.it\/fr\/wp-json\/wp\/v2\/pages\/4834\/revisions"}],"wp:attachment":[{"href":"https:\/\/www.rolli.it\/fr\/wp-json\/wp\/v2\/media?parent=4834"}],"curies":[{"name":"wp","href":"https:\/\/api.w.org\/{rel}","templated":true}]}}