{"id":4841,"date":"2025-11-07T12:41:53","date_gmt":"2025-11-07T11:41:53","guid":{"rendered":"https:\/\/www.rolli.it\/histoire\/"},"modified":"2025-12-04T14:09:07","modified_gmt":"2025-12-04T13:09:07","slug":"histoire","status":"publish","type":"page","link":"https:\/\/www.rolli.it\/fr\/histoire\/","title":{"rendered":"Histoire"},"content":{"rendered":"<div class=\"wpb-content-wrapper\">[vc_row pix_particles_check=\u00a0\u00bb\u00a0\u00bb][vc_column][vc_column_text css=\u00a0\u00bb\u00a0\u00bb]\r\n<p style=\"text-align: center;\"><strong><span style=\"color: #e30613; font-size: 36px; line-height: 1.25;\">PLUS DE 60 ANS D&rsquo;HISTOIRE ET DE PASSION<\/span><\/strong><\/p>\r\n[\/vc_column_text][vc_empty_space height=\u00a0\u00bb8px\u00a0\u00bb][\/vc_column][\/vc_row][vc_row rtl_reverse=\u00a0\u00bbyes\u00a0\u00bb pix_particles_check=\u00a0\u00bb\u00a0\u00bb][vc_column width=\u00a0\u00bb1\/2&Prime;][vc_row_inner][vc_column_inner width=\u00a0\u00bb1\/5&Prime;]<span class=\"pix-badge-element custom d-inline-flex mr-1 \"  ><span class=\"badge font-weight-bold   vc_custom_1763028711590  \" style=\"font-size:20px;background:#006F3B; \"><span class=\"text-white\" style=\"\">1941<\/span><\/span><\/span>[\/vc_column_inner][vc_column_inner width=\u00a0\u00bb4\/5&Prime;][vc_column_text css=\u00a0\u00bb\u00a0\u00bb]\r\n<p style=\"text-align: left;\"><strong><span style=\"color: #009640; font-size: 16px; line-height: 1.05;\">Giuseppe Rolli a commenc\u00e9 le commerce alimentaire avec la production de tomates en conserve \u00e0 Avignon pendant la Seconde Guerre mondiale.\r\n<\/span><\/strong><\/p>\r\n[\/vc_column_text][\/vc_column_inner][\/vc_row_inner][vc_row_inner][vc_column_inner width=\u00a0\u00bb1\/5&Prime;]<span class=\"pix-badge-element custom d-inline-flex mr-1 \"  ><span class=\"badge font-weight-bold   vc_custom_1763028720438  \" style=\"font-size:20px;background:#006F3B; \"><span class=\"text-white\" style=\"\">1944<\/span><\/span><\/span>[\/vc_column_inner][vc_column_inner width=\u00a0\u00bb4\/5&Prime;][vc_column_text css=\u00a0\u00bb\u00a0\u00bb]\r\n<p style=\"text-align: left;\"><strong><span style=\"color: #009640; font-size: 16px; line-height: 1.05;\">Giuseppe Rolli, de retour en Italie, a lanc\u00e9 le plus grand site de production de tomates en conserve en Europe \u00e0 Felegara (Parme).\r\n<\/span><\/strong><\/p>\r\n[\/vc_column_text][\/vc_column_inner][\/vc_row_inner][vc_row_inner][vc_column_inner width=\u00a0\u00bb1\/5&Prime;]<span class=\"pix-badge-element custom d-inline-flex mr-1 \"  ><span class=\"badge font-weight-bold   vc_custom_1762786975302  \" style=\"font-size:20px;background:#006F3B; \"><span class=\"text-white\" style=\"\">1958<\/span><\/span><\/span>[\/vc_column_inner][vc_column_inner width=\u00a0\u00bb4\/5&Prime;][vc_column_text css=\u00a0\u00bb\u00a0\u00bb]\r\n<p style=\"text-align: left;\"><strong><span style=\"color: #009640; font-size: 16px; line-height: 1.05;\">Giuseppe Rolli fonde la soci\u00e9t\u00e9 Industrie Rolli Alimentari \u00e0 Roseto degli Abruzzi, dans la<br>r\u00e9gion des Abruzzes, o\u00f9 le climat et la terre sont id\u00e9aux pour la culture des l\u00e9gumes.\r\n<\/span><\/strong><\/p>\r\n[\/vc_column_text][\/vc_column_inner][\/vc_row_inner][vc_row_inner][vc_column_inner width=\u00a0\u00bb1\/5&Prime;]<span class=\"pix-badge-element custom d-inline-flex mr-1 \"  ><span class=\"badge font-weight-bold   vc_custom_1762786981558  \" style=\"font-size:20px;background:#006F3B; \"><span class=\"text-white\" style=\"\">1960<\/span><\/span><\/span>[\/vc_column_inner][vc_column_inner width=\u00a0\u00bb4\/5&Prime;][vc_column_text css=\u00a0\u00bb\u00a0\u00bb]\r\n<p style=\"text-align: left;\"><strong><span style=\"color: #009640; font-size: 16px; line-height: 1.05;\">L\u2019entreprise se sp\u00e9cialise sur le march\u00e9 des Marques de Distributeur et s\u2019exporte dans tous<br>les pays europ\u00e9ens.\r\n<\/span><\/strong><\/p>\r\n[\/vc_column_text][\/vc_column_inner][\/vc_row_inner][vc_row_inner][vc_column_inner width=\u00a0\u00bb1\/5&Prime;]<span class=\"pix-badge-element custom d-inline-flex mr-1 \"  ><span class=\"badge font-weight-bold   vc_custom_1762787006270  \" style=\"font-size:20px;background:#006F3B; \"><span class=\"text-white\" style=\"\">1980<\/span><\/span><\/span>[\/vc_column_inner][vc_column_inner width=\u00a0\u00bb4\/5&Prime;][vc_column_text css=\u00a0\u00bb\u00a0\u00bb]\r\n<p style=\"text-align: left;\"><strong><span style=\"color: #009640; font-size: 16px; line-height: 1.05;\">La production de Pizzas et Plats Cuisin\u00e9s Surgel\u00e9s d\u00e9bute sur le site de Noceto (Parme).\r\n<\/span><\/strong><\/p>\r\n[\/vc_column_text][\/vc_column_inner][\/vc_row_inner][vc_row_inner][vc_column_inner width=\u00a0\u00bb1\/5&Prime;]<span class=\"pix-badge-element custom d-inline-flex mr-1 \"  ><span class=\"badge font-weight-bold   vc_custom_1762787012798  \" style=\"font-size:20px;background:#006F3B; \"><span class=\"text-white\" style=\"\">1990<\/span><\/span><\/span>[\/vc_column_inner][vc_column_inner width=\u00a0\u00bb4\/5&Prime;][vc_column_text css=\u00a0\u00bb\u00a0\u00bb]\r\n<p style=\"text-align: left;\"><strong><span style=\"color: #009640; font-size: 16px; line-height: 1.05;\">Industrie Rolli Alimentari se concentre sur le d\u00e9veloppement de techniques innovantes et<br>durables pour la cultivation des l\u00e9gumes.<\/span><\/strong><\/p>\r\n[\/vc_column_text][\/vc_column_inner][\/vc_row_inner][vc_row_inner][vc_column_inner width=\u00a0\u00bb1\/5&Prime;]<span class=\"pix-badge-element custom d-inline-flex mr-1 \"  ><span class=\"badge font-weight-bold   vc_custom_1762787023950  \" style=\"font-size:20px;background:#006F3B; \"><span class=\"text-white\" style=\"\">2012<\/span><\/span><\/span>[\/vc_column_inner][vc_column_inner width=\u00a0\u00bb4\/5&Prime;][vc_column_text css=\u00a0\u00bb\u00a0\u00bb]\r\n<p style=\"text-align: left;\"><strong><span style=\"color: #009640; font-size: 16px; line-height: 1.05;\">Industrie Rolli Alimentari d\u00e9pose le brevet exclusif ECO pour la production de l\u00e9gumes<br>surgel\u00e9s \u00e9co-sensibles et sans r\u00e9sidus de pesticides.\r\n<\/span><\/strong><\/p>\r\n[\/vc_column_text][\/vc_column_inner][\/vc_row_inner][vc_row_inner][vc_column_inner width=\u00a0\u00bb1\/5&Prime;]<span class=\"pix-badge-element custom d-inline-flex mr-1 \"  ><span class=\"badge font-weight-bold   vc_custom_1762787030214  \" style=\"font-size:20px;background:#006F3B; \"><span class=\"text-white\" style=\"\">Aujourd&apos;hui<\/span><\/span><\/span>[\/vc_column_inner][vc_column_inner width=\u00a0\u00bb4\/5&Prime;][vc_column_text css=\u00a0\u00bb\u00a0\u00bb]\r\n<p style=\"text-align: left;\"><strong><span style=\"color: #009640; font-size: 16px; line-height: 1.05;\">Industrie Rolli Alimentari est leader dans la production de l\u00e9gumes surgel\u00e9s issus de fili\u00e8re<br>eco-sensible.\r\n<\/span><\/strong><\/p>\r\n[\/vc_column_text][\/vc_column_inner][\/vc_row_inner][vc_empty_space height=\u00a0\u00bb48px\u00a0\u00bb][\/vc_column][vc_column width=\u00a0\u00bb1\/2&Prime;][vc_empty_space height=\u00a0\u00bb64px\u00a0\u00bb][vc_single_image image=\u00a0\u00bb4838&Prime; img_size=\u00a0\u00bblarge\u00a0\u00bb alignment=\u00a0\u00bbcenter\u00a0\u00bb css=\u00a0\u00bb.vc_custom_1762786598648{padding-right: 0px !important;padding-left: 0px !important;}\u00a0\u00bb][vc_column_text css=\u00a0\u00bb.vc_custom_1762786526838{padding-right: 0px !important;padding-left: 0px !important;}\u00a0\u00bb]\r\n<p style=\"text-align: center;\"><strong><span style=\"color: #009640; font-size: 16px; line-height: 1.05;\">Comm. Giuseppe Rolli\r\nfondateur de Industrie Rolli Alimentari S.p.A. <\/span><\/strong><\/p>\r\n[\/vc_column_text][\/vc_column][\/vc_row][vc_row pix_particles_check=\u00a0\u00bb\u00a0\u00bb][vc_column width=\u00a0\u00bb1\/2&Prime;][vc_single_image image=\u00a0\u00bb4839&Prime; img_size=\u00a0\u00bbfull\u00a0\u00bb alignment=\u00a0\u00bbcenter\u00a0\u00bb css=\u00a0\u00bb\u00a0\u00bb][vc_empty_space][\/vc_column][vc_column width=\u00a0\u00bb1\/2&Prime;][vc_single_image image=\u00a0\u00bb4840&Prime; img_size=\u00a0\u00bbfull\u00a0\u00bb alignment=\u00a0\u00bbcenter\u00a0\u00bb css=\u00a0\u00bb\u00a0\u00bb][vc_empty_space][\/vc_column][\/vc_row]<\/div>","protected":false},"excerpt":{"rendered":"[vc_row pix_particles_check=\u00a0\u00bb\u00a0\u00bb][vc_column][vc_column_text css=\u00a0\u00bb\u00a0\u00bb] PLUS DE 60 ANS D&rsquo;HISTOIRE ET DE PASSION [\/vc_column_text][vc_empty_space height=\u00a0\u00bb8px\u00a0\u00bb][\/vc_column][\/vc_row][vc_row rtl_reverse=\u00a0\u00bbyes\u00a0\u00bb pix_particles_check=\u00a0\u00bb\u00a0\u00bb][vc_column width=\u00a0\u00bb1\/2&Prime;][vc_row_inner][vc_column_inner width=\u00a0\u00bb1\/5&Prime;][\/vc_column_inner][vc_column_inner width=\u00a0\u00bb4\/5&Prime;][vc_column_text css=\u00a0\u00bb\u00a0\u00bb] Giuseppe Rolli a commenc\u00e9 le commerce alimentaire avec la production de tomates en conserve \u00e0 Avignon pendant la Seconde Guerre mondiale&#8230;.","protected":false},"author":1,"featured_media":0,"parent":0,"menu_order":0,"comment_status":"closed","ping_status":"closed","template":"","meta":{"footnotes":""},"class_list":["post-4841","page","type-page","status-publish","hentry"],"_links":{"self":[{"href":"https:\/\/www.rolli.it\/fr\/wp-json\/wp\/v2\/pages\/4841","targetHints":{"allow":["GET"]}}],"collection":[{"href":"https:\/\/www.rolli.it\/fr\/wp-json\/wp\/v2\/pages"}],"about":[{"href":"https:\/\/www.rolli.it\/fr\/wp-json\/wp\/v2\/types\/page"}],"author":[{"embeddable":true,"href":"https:\/\/www.rolli.it\/fr\/wp-json\/wp\/v2\/users\/1"}],"replies":[{"embeddable":true,"href":"https:\/\/www.rolli.it\/fr\/wp-json\/wp\/v2\/comments?post=4841"}],"version-history":[{"count":0,"href":"https:\/\/www.rolli.it\/fr\/wp-json\/wp\/v2\/pages\/4841\/revisions"}],"wp:attachment":[{"href":"https:\/\/www.rolli.it\/fr\/wp-json\/wp\/v2\/media?parent=4841"}],"curies":[{"name":"wp","href":"https:\/\/api.w.org\/{rel}","templated":true}]}}