{"id":4848,"date":"2025-11-07T15:19:30","date_gmt":"2025-11-07T14:19:30","guid":{"rendered":"https:\/\/www.rolli.it\/sites-de-production\/"},"modified":"2025-12-04T14:32:09","modified_gmt":"2025-12-04T13:32:09","slug":"sites-de-production","status":"publish","type":"page","link":"https:\/\/www.rolli.it\/fr\/sites-de-production\/","title":{"rendered":"Sites de production"},"content":{"rendered":"<div class=\"wpb-content-wrapper\">[vc_row equal_height=\u00a0\u00bbyes\u00a0\u00bb content_placement=\u00a0\u00bbmiddle\u00a0\u00bb pix_particles_check=\u00a0\u00bb\u00a0\u00bb][vc_column width=\u00a0\u00bb1\/3&Prime; content_align=\u00a0\u00bbtext-center\u00a0\u00bb][vc_column_text css=\u00a0\u00bb.vc_custom_1764855113027{margin-top: 0px !important;margin-right: 0px !important;margin-bottom: 0px !important;margin-left: 0px !important;padding-top: 0px !important;padding-right: 50px !important;padding-bottom: 0px !important;padding-left: 0px !important;}\u00a0\u00bb]\r\n<p style=\"text-align: left;\"><strong><span style=\"color: #009640; font-size: 28px; line-height: 1.25;\">Usine de\r\nROSETO DEGLI ABRUZZI\r\n(Teramo)<\/span><\/strong><\/p>\r\n\r\n<ul style=\"color: #009640; font-size: 18px; line-height: 1.25; padding-left: 20px;\">\r\n \t<li style=\"text-align: left;\"><strong>L\u2019usine est situ\u00e9e au coeur de la r\u00e9gion des Abruzzes, une zone de terrains particuli\u00e8rement fertiles.<\/strong><\/li>\r\n \t<li style=\"text-align: left;\"><strong>La proximit\u00e9 de l\u2019usine aux champs d&rsquo;exploitation permet une transformation tr\u00e8s rapide des l\u00e9gumes, garantissant ainsi des produits de la plus haute qualit\u00e9.<\/strong><\/li>\r\n<\/ul>\r\n[\/vc_column_text][\/vc_column][vc_column width=\u00a0\u00bb2\/3&Prime;][vc_single_image image=\u00a0\u00bb4845&Prime; img_size=\u00a0\u00bbfull\u00a0\u00bb alignment=\u00a0\u00bbright\u00a0\u00bb css=\u00a0\u00bb.vc_custom_1762788471831{margin-bottom: 0px !important;}\u00a0\u00bb][\/vc_column][\/vc_row][vc_row equal_height=\u00a0\u00bbyes\u00a0\u00bb content_placement=\u00a0\u00bbmiddle\u00a0\u00bb pix_particles_check=\u00a0\u00bb\u00a0\u00bb][vc_column width=\u00a0\u00bb1\/3&Prime; content_align=\u00a0\u00bbtext-center\u00a0\u00bb][vc_column_text css=\u00a0\u00bb.vc_custom_1764855121316{margin-top: 0px !important;margin-right: 0px !important;margin-bottom: 0px !important;margin-left: 0px !important;padding-top: 0px !important;padding-right: 50px !important;padding-bottom: 0px !important;padding-left: 0px !important;}\u00a0\u00bb]\r\n<p style=\"text-align: left;\"><strong><span style=\"color: #009640; font-size: 28px; line-height: 1.25;\">Usine de\r\nALANNO\r\n(Pescara)<\/span><\/strong><\/p>\r\n\r\n<ul style=\"color: #009640; font-size: 18px; line-height: 1.25; padding-left: 20px;\">\r\n \t<li style=\"text-align: left;\"><strong>Lignes de production fortement automatis\u00e9es (Industrie 4.0).<\/strong><\/li>\r\n \t<li style=\"text-align: left;\"><strong>Ligne de production MIX d\u00e9di\u00e9e au m\u00e9lange des l\u00e9gumes.<\/strong><\/li>\r\n \t<li style=\"text-align: left;\"><strong>P\u00f4le logistique strat\u00e9giquement situ\u00e9 au centre de l\u2019Italie.<\/strong><\/li>\r\n<\/ul>\r\n[\/vc_column_text][\/vc_column][vc_column width=\u00a0\u00bb2\/3&Prime;][vc_single_image image=\u00a0\u00bb4846&Prime; img_size=\u00a0\u00bbfull\u00a0\u00bb alignment=\u00a0\u00bbright\u00a0\u00bb css=\u00a0\u00bb.vc_custom_1762788479178{margin-bottom: 0px !important;}\u00a0\u00bb][\/vc_column][\/vc_row][vc_row equal_height=\u00a0\u00bbyes\u00a0\u00bb content_placement=\u00a0\u00bbmiddle\u00a0\u00bb pix_particles_check=\u00a0\u00bb\u00a0\u00bb][vc_column width=\u00a0\u00bb1\/3&Prime; content_align=\u00a0\u00bbtext-center\u00a0\u00bb][vc_column_text css=\u00a0\u00bb.vc_custom_1764855126859{margin-top: 0px !important;margin-right: 0px !important;margin-bottom: 0px !important;margin-left: 0px !important;padding-top: 0px !important;padding-right: 50px !important;padding-bottom: 0px !important;padding-left: 0px !important;}\u00a0\u00bb]\r\n<p style=\"text-align: left;\"><strong><span style=\"color: #009640; font-size: 28px; line-height: 1.25;\">Usine de\r\n(Parme)<\/span><\/strong><\/p>\r\n\r\n<ul style=\"color: #009640; font-size: 18px; line-height: 1.25; padding-left: 20px;\">\r\n \t<li style=\"text-align: left;\"><strong>L\u2019usine est \u00e9quip\u00e9e de technologies avanc\u00e9es afin de garantir les plus hauts standards de qualit\u00e9.<\/strong><\/li>\r\n \t<li style=\"text-align: left;\"><strong>Le site est d\u00e9di\u00e9 \u00e0 la production de pizzas et de plats cuisin\u00e9s surgel\u00e9s<\/strong><\/li>\r\n<\/ul>\r\n[\/vc_column_text][\/vc_column][vc_column width=\u00a0\u00bb2\/3&Prime;][vc_single_image image=\u00a0\u00bb4847&Prime; img_size=\u00a0\u00bbfull\u00a0\u00bb alignment=\u00a0\u00bbright\u00a0\u00bb css=\u00a0\u00bb.vc_custom_1762788485914{margin-bottom: 0px !important;}\u00a0\u00bb][\/vc_column][\/vc_row][vc_row pix_particles_check=\u00a0\u00bb\u00a0\u00bb][vc_column][vc_empty_space][\/vc_column][\/vc_row]<\/div>","protected":false},"excerpt":{"rendered":"[vc_row equal_height=\u00a0\u00bbyes\u00a0\u00bb content_placement=\u00a0\u00bbmiddle\u00a0\u00bb pix_particles_check=\u00a0\u00bb\u00a0\u00bb][vc_column width=\u00a0\u00bb1\/3&Prime; content_align=\u00a0\u00bbtext-center\u00a0\u00bb][vc_column_text css=\u00a0\u00bb.vc_custom_1764855113027{margin-top: 0px !important;margin-right: 0px !important;margin-bottom: 0px !important;margin-left: 0px !important;padding-top: 0px !important;padding-right: 50px !important;padding-bottom: 0px !important;padding-left: 0px !important;}\u00a0\u00bb] Usine de ROSETO DEGLI ABRUZZI (Teramo) L\u2019usine est situ\u00e9e au coeur de la r\u00e9gion des Abruzzes, une&#8230;","protected":false},"author":1,"featured_media":0,"parent":0,"menu_order":0,"comment_status":"closed","ping_status":"closed","template":"","meta":{"footnotes":""},"class_list":["post-4848","page","type-page","status-publish","hentry"],"_links":{"self":[{"href":"https:\/\/www.rolli.it\/fr\/wp-json\/wp\/v2\/pages\/4848","targetHints":{"allow":["GET"]}}],"collection":[{"href":"https:\/\/www.rolli.it\/fr\/wp-json\/wp\/v2\/pages"}],"about":[{"href":"https:\/\/www.rolli.it\/fr\/wp-json\/wp\/v2\/types\/page"}],"author":[{"embeddable":true,"href":"https:\/\/www.rolli.it\/fr\/wp-json\/wp\/v2\/users\/1"}],"replies":[{"embeddable":true,"href":"https:\/\/www.rolli.it\/fr\/wp-json\/wp\/v2\/comments?post=4848"}],"version-history":[{"count":0,"href":"https:\/\/www.rolli.it\/fr\/wp-json\/wp\/v2\/pages\/4848\/revisions"}],"wp:attachment":[{"href":"https:\/\/www.rolli.it\/fr\/wp-json\/wp\/v2\/media?parent=4848"}],"curies":[{"name":"wp","href":"https:\/\/api.w.org\/{rel}","templated":true}]}}